{"id":2158,"date":"2019-10-05T10:08:44","date_gmt":"2019-10-05T08:08:44","guid":{"rendered":"https:\/\/www.sammerseidler.de\/mortgage-lending-already-from-0-4-interest\/"},"modified":"2019-10-05T10:08:46","modified_gmt":"2019-10-05T08:08:46","slug":"mortgage-lending-already-from-0-4-interest","status":"publish","type":"page","link":"https:\/\/www.sammerseidler.de\/en\/mortgage-lending-already-from-0-4-interest\/","title":{"rendered":"Mortgage lending already from 0.4% interest"},"content":{"rendered":"<div class=\"wpb-content-wrapper\">[vc_row padding_top=&#8221;0px&#8221; padding_bottom=&#8221;0px&#8221;][vc_column fade_animation_offset=&#8221;45px&#8221; width=&#8221;2\/3&#8243;][ultimate_icon_list icon_size=&#8221;20&#8243;][ultimate_icon_list_item icon=&#8221;Defaults-check&#8221; icon_color=&#8221;#36c91c&#8221;]<b> Independent Financial Brokers <\/ b> and Mortgage Specialists[\/ultimate_icon_list_item][ultimate_icon_list_item icon=&#8221;Defaults-check&#8221; icon_color=&#8221;#36c91c&#8221;]We find the <b> best conditions <\/ b> for you[\/ultimate_icon_list_item][ultimate_icon_list_item icon=&#8221;Defaults-check&#8221; icon_color=&#8221;#36c91c&#8221;]Cooperation with <b> more than 500 financing partners <\/ b>[\/ultimate_icon_list_item][ultimate_icon_list_item icon=&#8221;Defaults-check&#8221; icon_color=&#8221;#36c91c&#8221;]Active for <b> more than 20 years <\/ b>[\/ultimate_icon_list_item][ultimate_icon_list_item icon=&#8221;Defaults-check&#8221; icon_color=&#8221;#36c91c&#8221;]Trained bankers with many years of professional experience <\/ b> as well as business administration graduate (FH) and financial planner[\/ultimate_icon_list_item][\/ultimate_icon_list][ult_buttons btn_title=&#8221;Make a financing request&#8221; btn_link=&#8221;url:% 23finanzierungsanfrage |||&#8221; btn_size=&#8221;ubtn-large&#8221; btn_title_color=&#8221;#ffffff&#8221; btn_bg_color=&#8221;#47c40d&#8221; icon=&#8221;Defaults-play&#8221; icon_size=&#8221;32&#8243; btn_icon_pos=&#8221;ubtn-sep-icon-at-left&#8221; btn_font_size=&#8221;desktop:20px;&#8221;]<h2  class=\"h-custom-headline h2\" style=\"padding-bottom:1em;\"><span>Was Sie von uns erwarten k\u00f6nnen<\/span><\/h2>[vc_row_inner padding_top=&#8221;0px&#8221; padding_bottom=&#8221;0px&#8221;][vc_column_inner fade_animation_offset=&#8221;45px&#8221; width=&#8221;1\/3&#8243;]<img decoding=\"async\"  class=\"x-img\" style=\"padding-bottom: 0px; margin-bottom: 0px; \" src=\"https:\/\/www.sammerseidler.de\/wp-content\/uploads\/2013\/05\/IMG_0122b-web.jpg\" > <p> <span style =\" font-size: 0.8em; \"> Your contact Maik Sammer <\/ span> [\/ text_output][\/vc_column_inner][vc_column_inner fade_animation_offset=&#8221;45px&#8221; width=&#8221;2\/3&#8243;] While you are busy with your construction or purchase project and already mentally set up your property, we take care of all matters relating to your financing: [\/ text_output] <hr  class=\"x-clear\" > <br \/>\n<Ul><\/p>\n<li> Search for the cheapest financing partner <\/ li>\n<li> Processing of the submission of the funding incl. compilation of the necessary documents <\/ li>\n<li> Review of contracts <\/ li>\n<li> Accompaniment during the construction phase regarding payouts <\/ li>\n<li> Clarification of questions or requests for change during the funding period <\/ li><br \/>\n<\/ Ul><br \/>\n<H2> <\/ h2><br \/>\n[\/ Text_output][\/vc_column_inner][\/vc_row_inner][vc_raw_html]PGgzIHN5dGxlID0gInBhZGRpbmctYm90dG9tOiAxZW07Ij4gUmF0aW5ncyA8LyBoMz4gPGRpdiBjbGFzcyA9ICJyYXRpbmciPg0KDQo8aW1nIHNyYyA9ICJodHRwOi8vd3d3LnNhbW1lcnNlaWRsZXIuY29tL3dwLWNvbnRlbnQvdXBsb2Fkcy8yMDEzLzA4L3N0YXIucG5nIiBhbHQgPSAic3RhciIgd2lkdGggPSAiMjAiIGhlaWdodCA9ICIxOSIgLz4gPGltZyBzcmMgPSAiaHR0cHM6Ly93d3cuc2FtbWVyc2VpZGxlci5kZS93cC1jb250ZW50L3VwbG9hZHMvMjAxMy8wOC9zdGFyLnBuZyIgYWx0ID0gInN0YXIiIHdpZHRoID0gIjIwIiBoZWlnaHQgPSAiMTkiIC8+IDxpbWcgc3JjID0gImh0dHA6IC8gL3d3dy5zYW1tZXJzZWlkbGVyLmNvbS93cC1jb250ZW50L3VwbG9hZHMvMjAxMy8wOC9zdGFyLnBuZyAiYWx0ID0iIHN0YXIgIndpZHRoID0iIDIwICJoZWlnaHQgPSIgMTkgIi8+IDxpbWcgc3JjID0iIGh0dHA6IC8vd3d3LnNhbW1lcnNlaWRsZXIgLmRlIC8gd3AtY29udGVudCAvIHVwbG9hZHMgLyAyMDEzLzA4IC8gc3Rhci5wbmcgImFsdCA9IiBzdGFyICJ3aWR0aCA9IiAyMCAiaGVpZ2h0ID0iIDE5ICIvPiA8aW1nIHNyYyA9IiBodHRwOi8vd3d3LnNhbW1lcnNlaWRsZXIuY29tL3dwIC1jb250ZW50IC8gdXBsb2FkcyAvIDIwMTMvMDggLyBzdGFyLnBuZyAiYWx0ID0iIHN0YXIgIndpZHRoID0iIDIwICJoZWlnaHQgPSIgMTkgIi8+DQo8ZW0+ICJNciBTYW1tZXIgbWFuYWdlZCB0byBmaW5hbmNlIHRoZSBhcGFydG1lbnQgYnVpbGRpbmcgYW5kIHRvIHBheSB0aGUgYmFuayBmZWVzIGRlc3BpdGUgbWFueSBvYnN0YWNsZXMsIHNvIHRoYW5rcyB0byBoaW0gSSBoYXZlIG5vdyBub3Qgb25seSBjaGFuZ2VkIG15IGZpbmFuY2lhbCBhZHZpc29yIGJ1dCBhbHNvIHJlY29tbWVuZGVkIGl0IHRvIG15IGFjY291bnRhbnQgSW4gZ29vZCBoYW5kcy4iIDwvIHNwYW4+IDxzcGFuIGNsYXNzID0gInJldmlldy1hdXRob3IiPiA8c3Ryb25nPiBTdmVuIE0uIDwvIHN0cm9uZz4gPC8gc3Bhbj4NCg0KPC8gRGl2Pg0KPGRpdiBjbGFzcyA9ICJyYXRpbmciPiA8LyBkaXY+DQo8ZGl2IGNsYXNzID0gInJhdGluZyI+IDwvIGRpdj4NCjxkaXYgY2xhc3MgPSAicmF0aW5nIiBzdHlsZSA9ICJtYXJnaW4tdG9wOiAxLjVlbTsiPg0KDQo8aW1nIHNyYyA9ICJodHRwOi8vd3d3LnNhbW1lcnNlaWRsZXIuY29tL3dwLWNvbnRlbnQvdXBsb2Fkcy8yMDEzLzA4L3N0YXIucG5nIiBhbHQgPSAic3RhciIgd2lkdGggPSAiMjAiIGhlaWdodCA9ICIxOSIgLz4gPGltZyBzcmMgPSAiaHR0cHM6Ly93d3cuc2FtbWVyc2VpZGxlci5kZS93cC1jb250ZW50L3VwbG9hZHMvMjAxMy8wOC9zdGFyLnBuZyIgYWx0ID0gInN0YXIiIHdpZHRoID0gIjIwIiBoZWlnaHQgPSAiMTkiIC8+IDxpbWcgc3JjID0gImh0dHA6IC8gL3d3dy5zYW1tZXJzZWlkbGVyLmNvbS93cC1jb250ZW50L3VwbG9hZHMvMjAxMy8wOC9zdGFyLnBuZyAiYWx0ID0iIHN0YXIgIndpZHRoID0iIDIwICJoZWlnaHQgPSIgMTkgIi8+IDxpbWcgc3JjID0iIGh0dHA6IC8vd3d3LnNhbW1lcnNlaWRsZXIgLmRlIC8gd3AtY29udGVudCAvIHVwbG9hZHMgLyAyMDEzLzA4IC8gc3Rhci5wbmcgImFsdCA9IiBzdGFyICJ3aWR0aCA9IiAyMCAiaGVpZ2h0ID0iIDE5ICIvPiA8aW1nIHNyYyA9IiBodHRwOi8vd3d3LnNhbW1lcnNlaWRsZXIuY29tL3dwIC1jb250ZW50IC8gdXBsb2FkcyAvIDIwMTMvMDggLyBzdGFyLnBuZyAiYWx0ID0iIHN0YXIgIndpZHRoID0iIDIwICJoZWlnaHQgPSIgMTkgIi8+DQo8ZW0+ICJDb25kb21pbml1bSBmaW5hbmNlZCBhbHJlYWR5IGFmdGVyIDIgZGF5cyBJIGhhZCB0aGUgd3JpdHRlbiBwbGVkZ2UgLlRoYXQgaXMgY2FsbGVkIHVzZSEgRm9yIHRoZSBuZXh0IGFwYXJ0bWVudCBJIG5lZWQgb25seSBvbmUgcGhvbmUgbnVtYmVyLiIgPC8gc3Bhbj4gPHNwYW4gY2xhc3MgPSAicmV2aWV3LWF1dGhvciI+IDxzdHJvbmc+IE1hcmlvIEMuIDwvIHN0cm9uZz4gPC8gc3Bhbj4NCg0KPC8gRGl2Pg0KPGRpdiBjbGFzcyA9ICJyYXRpbmciIHN0eWxlID0gIm1hcmdpbi1ib3R0b206IDEuNWVtOyI+IDwvIGRpdj4NCiANCk1vcmUgcmV2aWV3cyBjYW4gYWxzbyBiZSBmb3VuZCBvbiA8YSBocmVmPSJodHRwOi8vd3d3LmltbW9iaWxpZW5zY291dDI0LmNvbS9idXNpbmVzcy9pbnZlc3Rvci8xODM2LyIgdGFyZ2V0PSJibGFuayIgcmVsPSJub2ZvbGxvdyI+IHJlYWwgZXN0YXRlIHNjb3V0MjQgPC9hPg0K[\/vc_raw_html]<h2 id=\"finanzierungsanfrage\" class=\"h-custom-headline\" style=\"padding-bottom:1em;\"><span>Online-Rechner zeigen oft nicht das beste Angebot<\/span><\/h2>Wussten Sie das die <strong>Ergebnisse von Online-Rechnern<\/strong> bei der Baufinanzierung Ihnen <strong>oft gar nicht die besten Konditionen<\/strong> zeigen?<\/p>\n<p>Bei der Berechnung fehlen oft wichtige Informationen zu Ihrer pers\u00f6nlichen Situation, wodurch die angezeigten Konditionen meist nicht dem besten und einem realistischem Angebot entsprechen. Mit Hilfe einer <strong>vollst\u00e4ndigen Finanzierungsfrage<\/strong> k\u00f6nnen wir in der Praxis h\u00e4ufig f\u00fcr unsere Kunden <strong>bessere Konditionen<\/strong> erreichen.<\/p>\n<h2 id=\"finanzierungsanfrage\" class=\"h-custom-headline\" style=\"padding-bottom:1em;\"><span>Finanzierungsanfrage<\/span><\/h2><p>F\u00fcllen Sie einfach das folgende Formular aus und wir melden uns bei Ihnen. Die Anfrage \u00fcber das Formular ist unverbindlich und es entstehen Ihnen keine Kosten dadurch.<\/p>\n[vc_row_inner no_margin=&#8221;true&#8221; padding_top=&#8221;10px&#8221; padding_bottom=&#8221;10px&#8221; bg_color=&#8221;#3980bf&#8221; bg_video=&#8221;&#8221; class=&#8221;&#8221; style=&#8221;padding:10px;color:white;&#8221;][vc_column_inner fade_animation_offset=&#8221;45px&#8221; width=&#8221;1\/1&#8243;]\n<div class=\"wpcf7 no-js\" id=\"wpcf7-f1756-o1\" lang=\"de-DE\" dir=\"ltr\" data-wpcf7-id=\"1756\">\n<div class=\"screen-reader-response\"><p role=\"status\" aria-live=\"polite\" aria-atomic=\"true\"><\/p> <ul><\/ul><\/div>\n<form action=\"\/en\/wp-json\/wp\/v2\/pages\/2158#wpcf7-f1756-o1\" method=\"post\" class=\"wpcf7-form init\" aria-label=\"Kontaktformular\" novalidate=\"novalidate\" data-status=\"init\">\n<fieldset class=\"hidden-fields-container\"><input type=\"hidden\" name=\"_wpcf7\" value=\"1756\" \/><input type=\"hidden\" name=\"_wpcf7_version\" value=\"6.1.5\" \/><input type=\"hidden\" name=\"_wpcf7_locale\" value=\"de_DE\" \/><input type=\"hidden\" name=\"_wpcf7_unit_tag\" value=\"wpcf7-f1756-o1\" \/><input type=\"hidden\" name=\"_wpcf7_container_post\" value=\"0\" \/><input type=\"hidden\" name=\"_wpcf7_posted_data_hash\" value=\"\" \/><input type=\"hidden\" name=\"_wpcf7dtx_version\" value=\"5.0.5\" \/>\n<\/fieldset>\n<p><b>Ihre Kontaktinformationen<\/b>\n<\/p>\n<p><label> Anrede*<br \/>\n<span class=\"wpcf7-form-control-wrap\" data-name=\"radio-anrede\"><span class=\"wpcf7-form-control wpcf7-radio\"><span class=\"wpcf7-list-item first\"><input type=\"radio\" name=\"radio-anrede\" value=\"Herr\" \/><span class=\"wpcf7-list-item-label\">Herr<\/span><\/span><span class=\"wpcf7-list-item last\"><input type=\"radio\" name=\"radio-anrede\" value=\"Frau\" \/><span class=\"wpcf7-list-item-label\">Frau<\/span><\/span><\/span><\/span> <\/label>\n<\/p>\n<p><label> Vor- und Nachname*<br \/>\n<span class=\"wpcf7-form-control-wrap\" data-name=\"your-name\"><input size=\"40\" maxlength=\"400\" class=\"wpcf7-form-control wpcf7-text wpcf7-validates-as-required\" aria-required=\"true\" aria-invalid=\"false\" value=\"\" type=\"text\" name=\"your-name\" \/><\/span> <\/label>\n<\/p>\n<p><label> E-Mail*<br \/>\n<span class=\"wpcf7-form-control-wrap\" data-name=\"your-email\"><input size=\"40\" maxlength=\"400\" class=\"wpcf7-form-control wpcf7-email wpcf7-validates-as-required wpcf7-text wpcf7-validates-as-email\" aria-required=\"true\" aria-invalid=\"false\" value=\"\" type=\"email\" name=\"your-email\" \/><\/span> <\/label>\n<\/p>\n<p><label> Telefon*<br \/>\n<span class=\"wpcf7-form-control-wrap\" data-name=\"your-phone\"><input size=\"40\" maxlength=\"400\" class=\"wpcf7-form-control wpcf7-text wpcf7-validates-as-required\" aria-required=\"true\" aria-invalid=\"false\" value=\"\" type=\"text\" name=\"your-phone\" \/><\/span> <\/label>\n<\/p>\n<p><label>Zu Welcher Uhrzeit k\u00f6nnen wir Sie am besten erreichen?<\/label><br \/>\n<span class=\"wpcf7-form-control-wrap\" data-name=\"your-rueckruf\"><select class=\"wpcf7-form-control wpcf7-select wpcf7-validates-as-required\" aria-required=\"true\" aria-invalid=\"false\" name=\"your-rueckruf\"><option value=\"09:00 - 11:00\">09:00 - 11:00<\/option><option value=\"11:00 - 13:00\">11:00 - 13:00<\/option><option value=\"13:00 - 15:00\">13:00 - 15:00<\/option><option value=\"15:00 - 17:00\">15:00 - 17:00<\/option><option value=\"17:00 - 18:00\">17:00 - 18:00<\/option><\/select><\/span>\n<\/p>\n<p><b>Immobilie und Finanzierung<\/b>\n<\/p>\n<p><label> Standort der Immobilie (Ort und PLZ)*<br \/>\n<span class=\"wpcf7-form-control-wrap\" data-name=\"your-location\"><input size=\"40\" maxlength=\"400\" class=\"wpcf7-form-control wpcf7-text wpcf7-validates-as-required\" aria-required=\"true\" aria-invalid=\"false\" value=\"\" type=\"text\" name=\"your-location\" \/><\/span> <\/label><br \/>\n<label>Immobilienkauf oder -bau?*<br \/>\n<span class=\"wpcf7-form-control-wrap\" data-name=\"radio-zweck\"><span class=\"wpcf7-form-control wpcf7-radio\"><span class=\"wpcf7-list-item first\"><input type=\"radio\" name=\"radio-zweck\" value=\"Kaufen\" \/><span class=\"wpcf7-list-item-label\">Kaufen<\/span><\/span><span class=\"wpcf7-list-item last\"><input type=\"radio\" name=\"radio-zweck\" value=\"Bauen\" \/><span class=\"wpcf7-list-item-label\">Bauen<\/span><\/span><\/span><\/span> <\/label>\n<\/p>\n<p><label> Kaufpreis<br \/>\n<span class=\"wpcf7-form-control-wrap\" data-name=\"your-price\"><input size=\"40\" maxlength=\"400\" class=\"wpcf7-form-control wpcf7-text\" aria-invalid=\"false\" value=\"\" type=\"text\" name=\"your-price\" \/><\/span> <\/label>\n<\/p>\n<p><label> Gew\u00fcnschte Finanzierungssumme*<br \/>\n<span class=\"wpcf7-form-control-wrap\" data-name=\"your-credit\"><input size=\"40\" maxlength=\"400\" class=\"wpcf7-form-control wpcf7-text wpcf7-validates-as-required\" aria-required=\"true\" aria-invalid=\"false\" value=\"\" type=\"text\" name=\"your-credit\" \/><\/span> <\/label>\n<\/p>\n<p><label> Gew\u00fcnschte Ratenh\u00f6he pro Monat (f\u00fcr R\u00fcckzahlung)?<br \/>\n<span class=\"wpcf7-form-control-wrap\" data-name=\"your-monthly-rate\"><input size=\"40\" maxlength=\"400\" class=\"wpcf7-form-control wpcf7-text\" aria-invalid=\"false\" value=\"\" type=\"text\" name=\"your-monthly-rate\" \/><\/span> <\/label>\n<\/p>\n<p><span class=\"wpcf7-form-control-wrap\" data-name=\"checkbox-3\"><span class=\"wpcf7-form-control wpcf7-checkbox wpcf7-validates-as-required\"><span class=\"wpcf7-list-item first last\"><input type=\"checkbox\" name=\"checkbox-3[]\" value=\"\" \/><span class=\"wpcf7-list-item-label\"><\/span><\/span><\/span><\/span>Ja, ich habe die <a target=\"_blank\" href=\"https:\/\/www.sammerseidler.de\/datenschutzerklaerung\/\">Datenschutzerkl\u00e4rung<\/a> zur Kenntnis genommen. Ich stimme zu, dass meine Angaben und Daten zur Beantwortung meiner Anfrage elektronisch erhoben und gespeichert werden.\n<\/p>\n<p>Hinweis: Sie k\u00f6nnen Ihre Einwilligung jederzeit f\u00fcr die Zukunft per E-Mail an info[at]sammerseidler.de widerrufen.\n<\/p>\n<p><input class=\"wpcf7-form-control wpcf7-submit has-spinner\" type=\"submit\" value=\"Jetzt Anfrage absenden\" \/>\n<\/p><div class=\"wpcf7-response-output\" aria-hidden=\"true\"><\/div>\n<\/form>\n<\/div>\n[\/vc_column_inner][\/vc_row_inner][\/vc_column][vc_column fade_animation_offset=&#8221;45px&#8221; width=&#8221;1\/3&#8243; id=&#8221;&#8221; class=&#8221;&#8221; style=&#8221;padding:10px; &#8220;][vc_raw_html]PGRpdiBpZCA9ICJzaWRlYmFyLWJhZGdlcyI+IDxpbWcgY2xhc3MgPSAiZmlyc3QiIHRpdGxlID0gIlByaXZhdGUgRmluYW5jaWFsIFBsYW5uZXIgRElOIElTTyAyMjIyMiBhcHByb3ZlZCIgc3JjID0gImh0dHA6Ly93d3cuc2FtbWVyc2VpZGxlci5kZS93cC1jb250ZW50L3RoZW1lcy9lZGRpZW1hY2hhZG8tYm9uZXMtIGVhNzZkMjggLyBsaWJyYXJ5IC8gaW1hZ2VzIC8gYmFkZ2UxLnBuZyAiLz4gPGltZyB0aXRsZSA9IiBDZXJ0aWZpZWQgRmluYW5jaWFsIFBsYW5uZXIgInNyYyA9IiBodHRwOi8vd3d3LnNhbW1lcnNlaWRsZXIuY29tL3dwLWNvbnRlbnQvdGhlbWVzL2VkZGllbWFjaGFkby1ib25lcy1lYTc2ZDI4L2xpYnJhcnkvaW1hZ2VzLyBiYWRnZTIucG5nICIvPiA8aW1nIHRpdGxlID0iIFZFTUEgTWVtYmVyICJzcmMgPSIgaHR0cDovL3d3dy5zYW1tZXJzZWlkbGVyLmRlL3dwLWNvbnRlbnQvdGhlbWVzL2VkZGllbWFjaGFkby1ib25lcy1lYTc2ZDI4L2xpYnJhcnkvaW1hZ2VzL2JhZGdlMy5wbmcgIi8+DQo8aW1nIGlkID0gImJhZGdlLWJhdWZpIiBjbGFzcyA9ICJmaXJzdCIgdGl0bGUgPSAiSW1tb2JpbGllbnNjb3V0MjQgUHJlbWl1bSBwYXJ0bmVyIGZvciBtb3J0Z2FnZSBsZW5kaW5nIiBzcmMgPSAiaHR0cDovL3d3dy5zYW1tZXJzZWlkbGVyLmRlL3dwLWNvbnRlbnQvdGhlbWVzL2VkZGllbWFjaGFkby1ib25lcy1lYTc2ZDI4L2xpYnJhcnkgL2ltYWdlcy9iYWRnZTQucG5nICJoZWlnaHQgPSIgNzQgIi8+IDwvIGRpdj4NCg==[\/vc_raw_html][\/vc_column][\/vc_row][vc_row padding_top=&#8221;0px&#8221; padding_bottom=&#8221;0px&#8221;][vc_column fade_animation_offset=&#8221;45px&#8221; width=&#8221;1\/1&#8243;][\/vc_column][\/vc_row]\n<\/div>","protected":false},"excerpt":{"rendered":"<p>[vc_row padding_top=&#8221;0px&#8221; padding_bottom=&#8221;0px&#8221;][vc_column fade_animation_offset=&#8221;45px&#8221; width=&#8221;2\/3&#8243;][ultimate_icon_list icon_size=&#8221;20&#8243;][ultimate_icon_list_item icon=&#8221;Defaults-check&#8221; icon_color=&#8221;#36c91c&#8221;] Independent Financial Brokers and Mortgage Specialists[\/ultimate_icon_list_item][ultimate_icon_list_item icon=&#8221;Defaults-check&#8221; icon_color=&#8221;#36c91c&#8221;]We find the best conditions for you[\/ultimate_icon_list_item][ultimate_icon_list_item icon=&#8221;Defaults-check&#8221; icon_color=&#8221;#36c91c&#8221;]Cooperation with more than 500 financing partners [\/ultimate_icon_list_item][ultimate_icon_list_item icon=&#8221;Defaults-check&#8221; icon_color=&#8221;#36c91c&#8221;]Active for more than 20 years [\/ultimate_icon_list_item][ultimate_icon_list_item icon=&#8221;Defaults-check&#8221; icon_color=&#8221;#36c91c&#8221;]Trained bankers with many years of professional experience as well &#8230; <\/p>\n<div><a href=\"https:\/\/www.sammerseidler.de\/en\/mortgage-lending-already-from-0-4-interest\/\" class=\"more-link\">Read More<\/a><\/div>\n","protected":false},"author":1,"featured_media":0,"parent":0,"menu_order":0,"comment_status":"closed","ping_status":"closed","template":"","meta":{"footnotes":""},"class_list":["post-2158","page","type-page","status-publish","hentry","no-post-thumbnail"],"yoast_head":"<!-- This site is optimized with the Yoast SEO plugin v27.4 - https:\/\/yoast.com\/product\/yoast-seo-wordpress\/ -->\n<title>Mortgage lending already from 0.4% interest - SAMMERSEIDLER.de<\/title>\n<meta name=\"robots\" content=\"noindex, follow, max-snippet:-1, max-image-preview:large, max-video-preview:-1\" \/>\n<meta property=\"og:locale\" content=\"en_US\" \/>\n<meta property=\"og:type\" content=\"article\" \/>\n<meta property=\"og:title\" content=\"Mortgage lending already from 0.4% interest - SAMMERSEIDLER.de\" \/>\n<meta property=\"og:description\" content=\"[vc_row padding_top=&#8221;0px&#8221; padding_bottom=&#8221;0px&#8221;][vc_column fade_animation_offset=&#8221;45px&#8221; width=&#8221;2\/3&#8243;][ultimate_icon_list icon_size=&#8221;20&#8243;][ultimate_icon_list_item icon=&#8221;Defaults-check&#8221; icon_color=&#8221;#36c91c&#8221;] Independent Financial Brokers and Mortgage Specialists[\/ultimate_icon_list_item][ultimate_icon_list_item icon=&#8221;Defaults-check&#8221; icon_color=&#8221;#36c91c&#8221;]We find the best conditions for you[\/ultimate_icon_list_item][ultimate_icon_list_item icon=&#8221;Defaults-check&#8221; icon_color=&#8221;#36c91c&#8221;]Cooperation with more than 500 financing partners [\/ultimate_icon_list_item][ultimate_icon_list_item icon=&#8221;Defaults-check&#8221; icon_color=&#8221;#36c91c&#8221;]Active for more than 20 years [\/ultimate_icon_list_item][ultimate_icon_list_item icon=&#8221;Defaults-check&#8221; icon_color=&#8221;#36c91c&#8221;]Trained bankers with many years of professional experience as well ... Read More\" \/>\n<meta property=\"og:url\" content=\"https:\/\/www.sammerseidler.de\/en\/mortgage-lending-already-from-0-4-interest\/\" \/>\n<meta property=\"og:site_name\" content=\"SAMMERSEIDLER.de\" \/>\n<meta property=\"article:modified_time\" content=\"2019-10-05T08:08:46+00:00\" \/>\n<meta name=\"twitter:label1\" content=\"Est. reading time\" \/>\n\t<meta name=\"twitter:data1\" content=\"5 minutes\" \/>\n<script type=\"application\/ld+json\" class=\"yoast-schema-graph\">{\"@context\":\"https:\\\/\\\/schema.org\",\"@graph\":[{\"@type\":\"WebPage\",\"@id\":\"https:\\\/\\\/www.sammerseidler.de\\\/en\\\/mortgage-lending-already-from-0-4-interest\\\/\",\"url\":\"https:\\\/\\\/www.sammerseidler.de\\\/en\\\/mortgage-lending-already-from-0-4-interest\\\/\",\"name\":\"Mortgage lending already from 0.4% interest - SAMMERSEIDLER.de\",\"isPartOf\":{\"@id\":\"https:\\\/\\\/www.sammerseidler.de\\\/en\\\/#website\"},\"datePublished\":\"2019-10-05T08:08:44+00:00\",\"dateModified\":\"2019-10-05T08:08:46+00:00\",\"breadcrumb\":{\"@id\":\"https:\\\/\\\/www.sammerseidler.de\\\/en\\\/mortgage-lending-already-from-0-4-interest\\\/#breadcrumb\"},\"inLanguage\":\"en-US\",\"potentialAction\":[{\"@type\":\"ReadAction\",\"target\":[\"https:\\\/\\\/www.sammerseidler.de\\\/en\\\/mortgage-lending-already-from-0-4-interest\\\/\"]}]},{\"@type\":\"BreadcrumbList\",\"@id\":\"https:\\\/\\\/www.sammerseidler.de\\\/en\\\/mortgage-lending-already-from-0-4-interest\\\/#breadcrumb\",\"itemListElement\":[{\"@type\":\"ListItem\",\"position\":1,\"name\":\"Home\",\"item\":\"https:\\\/\\\/www.sammerseidler.de\\\/en\\\/sammerseidler-de\\\/\"},{\"@type\":\"ListItem\",\"position\":2,\"name\":\"Mortgage lending already from 0.4% interest\"}]},{\"@type\":\"WebSite\",\"@id\":\"https:\\\/\\\/www.sammerseidler.de\\\/en\\\/#website\",\"url\":\"https:\\\/\\\/www.sammerseidler.de\\\/en\\\/\",\"name\":\"SAMMERSEIDLER.de\",\"description\":\"\",\"potentialAction\":[{\"@type\":\"SearchAction\",\"target\":{\"@type\":\"EntryPoint\",\"urlTemplate\":\"https:\\\/\\\/www.sammerseidler.de\\\/en\\\/?s={search_term_string}\"},\"query-input\":{\"@type\":\"PropertyValueSpecification\",\"valueRequired\":true,\"valueName\":\"search_term_string\"}}],\"inLanguage\":\"en-US\"}]}<\/script>\n<!-- \/ Yoast SEO plugin. -->","yoast_head_json":{"title":"Mortgage lending already from 0.4% interest - SAMMERSEIDLER.de","robots":{"index":"noindex","follow":"follow","max-snippet":"max-snippet:-1","max-image-preview":"max-image-preview:large","max-video-preview":"max-video-preview:-1"},"og_locale":"en_US","og_type":"article","og_title":"Mortgage lending already from 0.4% interest - SAMMERSEIDLER.de","og_description":"[vc_row padding_top=&#8221;0px&#8221; padding_bottom=&#8221;0px&#8221;][vc_column fade_animation_offset=&#8221;45px&#8221; width=&#8221;2\/3&#8243;][ultimate_icon_list icon_size=&#8221;20&#8243;][ultimate_icon_list_item icon=&#8221;Defaults-check&#8221; icon_color=&#8221;#36c91c&#8221;] Independent Financial Brokers and Mortgage Specialists[\/ultimate_icon_list_item][ultimate_icon_list_item icon=&#8221;Defaults-check&#8221; icon_color=&#8221;#36c91c&#8221;]We find the best conditions for you[\/ultimate_icon_list_item][ultimate_icon_list_item icon=&#8221;Defaults-check&#8221; icon_color=&#8221;#36c91c&#8221;]Cooperation with more than 500 financing partners [\/ultimate_icon_list_item][ultimate_icon_list_item icon=&#8221;Defaults-check&#8221; icon_color=&#8221;#36c91c&#8221;]Active for more than 20 years [\/ultimate_icon_list_item][ultimate_icon_list_item icon=&#8221;Defaults-check&#8221; icon_color=&#8221;#36c91c&#8221;]Trained bankers with many years of professional experience as well ... Read More","og_url":"https:\/\/www.sammerseidler.de\/en\/mortgage-lending-already-from-0-4-interest\/","og_site_name":"SAMMERSEIDLER.de","article_modified_time":"2019-10-05T08:08:46+00:00","twitter_misc":{"Est. reading time":"5 minutes"},"schema":{"@context":"https:\/\/schema.org","@graph":[{"@type":"WebPage","@id":"https:\/\/www.sammerseidler.de\/en\/mortgage-lending-already-from-0-4-interest\/","url":"https:\/\/www.sammerseidler.de\/en\/mortgage-lending-already-from-0-4-interest\/","name":"Mortgage lending already from 0.4% interest - SAMMERSEIDLER.de","isPartOf":{"@id":"https:\/\/www.sammerseidler.de\/en\/#website"},"datePublished":"2019-10-05T08:08:44+00:00","dateModified":"2019-10-05T08:08:46+00:00","breadcrumb":{"@id":"https:\/\/www.sammerseidler.de\/en\/mortgage-lending-already-from-0-4-interest\/#breadcrumb"},"inLanguage":"en-US","potentialAction":[{"@type":"ReadAction","target":["https:\/\/www.sammerseidler.de\/en\/mortgage-lending-already-from-0-4-interest\/"]}]},{"@type":"BreadcrumbList","@id":"https:\/\/www.sammerseidler.de\/en\/mortgage-lending-already-from-0-4-interest\/#breadcrumb","itemListElement":[{"@type":"ListItem","position":1,"name":"Home","item":"https:\/\/www.sammerseidler.de\/en\/sammerseidler-de\/"},{"@type":"ListItem","position":2,"name":"Mortgage lending already from 0.4% interest"}]},{"@type":"WebSite","@id":"https:\/\/www.sammerseidler.de\/en\/#website","url":"https:\/\/www.sammerseidler.de\/en\/","name":"SAMMERSEIDLER.de","description":"","potentialAction":[{"@type":"SearchAction","target":{"@type":"EntryPoint","urlTemplate":"https:\/\/www.sammerseidler.de\/en\/?s={search_term_string}"},"query-input":{"@type":"PropertyValueSpecification","valueRequired":true,"valueName":"search_term_string"}}],"inLanguage":"en-US"}]}},"_links":{"self":[{"href":"https:\/\/www.sammerseidler.de\/en\/wp-json\/wp\/v2\/pages\/2158","targetHints":{"allow":["GET"]}}],"collection":[{"href":"https:\/\/www.sammerseidler.de\/en\/wp-json\/wp\/v2\/pages"}],"about":[{"href":"https:\/\/www.sammerseidler.de\/en\/wp-json\/wp\/v2\/types\/page"}],"author":[{"embeddable":true,"href":"https:\/\/www.sammerseidler.de\/en\/wp-json\/wp\/v2\/users\/1"}],"replies":[{"embeddable":true,"href":"https:\/\/www.sammerseidler.de\/en\/wp-json\/wp\/v2\/comments?post=2158"}],"version-history":[{"count":1,"href":"https:\/\/www.sammerseidler.de\/en\/wp-json\/wp\/v2\/pages\/2158\/revisions"}],"predecessor-version":[{"id":2159,"href":"https:\/\/www.sammerseidler.de\/en\/wp-json\/wp\/v2\/pages\/2158\/revisions\/2159"}],"wp:attachment":[{"href":"https:\/\/www.sammerseidler.de\/en\/wp-json\/wp\/v2\/media?parent=2158"}],"curies":[{"name":"wp","href":"https:\/\/api.w.org\/{rel}","templated":true}]}}