{"id":2156,"date":"2019-10-05T10:04:38","date_gmt":"2019-10-05T08:04:38","guid":{"rendered":"https:\/\/www.sammerseidler.de\/mortgage-lending-from-just-0-4\/"},"modified":"2019-10-05T10:04:40","modified_gmt":"2019-10-05T08:04:40","slug":"mortgage-lending-from-just-0-4","status":"publish","type":"page","link":"https:\/\/www.sammerseidler.de\/en\/mortgage-lending-from-just-0-4\/","title":{"rendered":"Mortgage lending from just 0.4%"},"content":{"rendered":"<div class=\"wpb-content-wrapper\">[vc_row padding_top=&#8221;0px&#8221; padding_bottom=&#8221;0px&#8221;][vc_column fade_animation_offset=&#8221;45px&#8221; width=&#8221;2\/3&#8243;][vc_row_inner padding_top=&#8221;0px&#8221; padding_bottom=&#8221;0px&#8221;][vc_column_inner fade_animation_offset=&#8221;45px&#8221; width=&#8221;1\/3&#8243;]<img decoding=\"async\"  class=\"x-img\"  src=\"https:\/\/www.sammerseidler.de\/wp-content\/uploads\/2016\/09\/Fotolia_59657957_XS.jpg\" >[\/vc_column_inner][vc_column_inner fade_animation_offset=&#8221;45px&#8221; width=&#8221;2\/3&#8243;][ultimate_icon_list icon_size=&#8221;20&#8243;][ultimate_icon_list_item icon=&#8221;Defaults-check&#8221; icon_color=&#8221;#36c91c&#8221;]<b> Independent Financial Brokers <\/ b> and Mortgage Specialists[\/ultimate_icon_list_item][ultimate_icon_list_item icon=&#8221;Defaults-check&#8221; icon_color=&#8221;#36c91c&#8221;]We find the <b> best conditions <\/ b> for you[\/ultimate_icon_list_item][ultimate_icon_list_item icon=&#8221;Defaults-check&#8221; icon_color=&#8221;#36c91c&#8221;]Cooperation with <b> more than 500 financing partners <\/ b>[\/ultimate_icon_list_item][ultimate_icon_list_item icon=&#8221;Defaults-check&#8221; icon_color=&#8221;#36c91c&#8221;]Active for <b> more than 20 years <\/ b>[\/ultimate_icon_list_item][ultimate_icon_list_item icon=&#8221;Defaults-check&#8221; icon_color=&#8221;#36c91c&#8221;]Trained bankers with many years of professional experience <\/ b> as well as business administration graduate (FH) and financial planner[\/ultimate_icon_list_item][\/ultimate_icon_list][\/vc_column_inner][\/vc_row_inner]<hr  class=\"x-clear\" ><h2>Was Sie von uns erwarten k\u00f6nnen<\/h2>\n<p>W\u00e4hrend Sie sich mit Ihrem Bau-oder Kaufvorhaben besch\u00e4ftigen und bereits gedanklich Ihre Immobilie einrichten, k\u00fcmmern wir uns um s\u00e4mtliche Angelegenheiten rund um Ihre Finanzierung:<\/p>\n[vc_raw_html 0=&#8221;&#8221;]PGRpdiBjbGFzcyA9ICJ3cGJfd3JhcHBlciBscC1iYWRnZXMiPg0KPGltZyB0aXRsZSA9ICJQcml2YXRlIGZpbmFuY2lhbCBwbGFubmVyIERJTiBJU08gMjIyMjIgYXBwcm92ZWQiIHNyYyA9ICJodHRwOi8vd3d3LnNhbW1lcnNlaWRsZXIuZGUvd3AtY29udGVudC90aGVtZXMvZWRkaWVtYWNoYWRvLWJvbmVzLWVhNzZkMjgvbGlicmFyeS9pbWFnZXMvYmFkZ2UxLnBuZyI+IDxpbWcgdGl0bGUgPSAiQ2VydGlmaWVkIEZpbmFuY2lhbCBQbGFubmVyIiBzcmMgPSAiaHR0cDovL3d3dy5zYW1tZXJzZWlkbGVyLmNvbS93cC1jb250ZW50L3RoZW1lcy9lZGRpZW1hY2hhZG8tYm9uZXMtZWE3NmQyOC9saWJyYXJ5L2ltYWdlcy9iYWRnZTIucG5nIj4gPGltZyB0aXRsZSA9ICJWRU1BIE1lbWJlciIgc3JjID0gIiBodHRwOi8vd3d3LnNhbW1lcnNlaWRsZXIuZGUvd3AtY29udGVudC90aGVtZXMvZWRkaWVtYWNoYWRvLWJvbmVzLWVhNzZkMjgvbGlicmFyeS9pbWFnZXMvYmFkZ2UzLnBuZyI+PGltZyBpZCA9ICJiYWRnZS1iYXVmaSIgdGl0bGUgPSAiSW1tb2JpbGllbnNjb3V0MjQgUHJlbWl1bSBQYXJ0bmVyIGZvciBtb3J0Z2FnZSBsZW5kaW5nIiBzcmMgPSAiaHR0cDovL3d3dy5zYW1tZXJzZWlkbGVyLmRlL3dwLWNvbnRlbnQvdGhlbWVzL2VkZGllbWFjaGFkby1ib25lcy1lYTc2ZDI4L2xpYnJhcnkvaW1hZ2VzL2JhZGdlNC5wbmciIGhlaWdodCA9ICI3NCI+DQo8LyBEaXY+DQo=[\/vc_raw_html]<ul>\n<li>Suche nach dem g\u00fcnstigsten Finanzierungspartner<\/li>\n<li>Abwicklung der Finanzierungseinreichung inkl. Zusammenstellung der daf\u00fcr ben\u00f6tigten Unterlagen<\/li>\n<li>Durchsicht der Vertr\u00e4ge<\/li>\n<li>Begleitung w\u00e4hrend der Bauphase bez\u00fcglich der Auszahlungen<\/li>\n<li>Kl\u00e4rung von Fragen oder \u00c4nderungsw\u00fcnschen w\u00e4hrend des Finanzierungszeitraumes<\/li>\n<\/ul>\n<h2><\/h2>\n[\/vc_column][vc_column fade_animation_offset=&#8221;45px&#8221; width=&#8221;1\/3&#8243; id=&#8221;&#8221; class=&#8221;&#8221; style=&#8221;padding:10px; background-color:#bbd7ef;&#8221;][ultimate_heading main_heading=&#8221;Quick Contact&#8221; heading_tag=&#8221;h3&#8243; alignment=&#8221;left&#8221; main_heading_style=&#8221;font-weight:bold;&#8221;][\/ultimate_heading]<p><span style=\"font-size: 0.9em;\">Sie erhalten den Link zum Finanzierungsformular\u00a0inkl. unserem <strong>kostenlosen eBook mit 15 Tipps<\/strong> <strong>zum Hauskauf<\/strong>!<\/span><\/p>\n[mc4wp_form id=&#8221;1611&#8243;]\n<p>&nbsp;<\/p>\n[vc_raw_html]MTAwJSBQcml2YWN5OiBZb3UgY2FuIHVuc3Vic2NyaWJlIGZvciBmcmVlIGF0IGFueSB0aW1lLg==[\/vc_raw_html][\/vc_column][\/vc_row][vc_row padding_top=&#8221;0px&#8221; padding_bottom=&#8221;0px&#8221;][vc_column fade_animation_offset=&#8221;45px&#8221; width=&#8221;1\/1&#8243;][\/vc_column][\/vc_row]\n<\/div>","protected":false},"excerpt":{"rendered":"<p>[vc_row padding_top=&#8221;0px&#8221; padding_bottom=&#8221;0px&#8221;][vc_column fade_animation_offset=&#8221;45px&#8221; width=&#8221;2\/3&#8243;][vc_row_inner padding_top=&#8221;0px&#8221; padding_bottom=&#8221;0px&#8221;][vc_column_inner fade_animation_offset=&#8221;45px&#8221; width=&#8221;1\/3&#8243;][\/vc_column_inner][vc_column_inner fade_animation_offset=&#8221;45px&#8221; width=&#8221;2\/3&#8243;][ultimate_icon_list icon_size=&#8221;20&#8243;][ultimate_icon_list_item icon=&#8221;Defaults-check&#8221; icon_color=&#8221;#36c91c&#8221;] Independent Financial Brokers and Mortgage Specialists[\/ultimate_icon_list_item][ultimate_icon_list_item icon=&#8221;Defaults-check&#8221; icon_color=&#8221;#36c91c&#8221;]We find the best conditions for you[\/ultimate_icon_list_item][ultimate_icon_list_item icon=&#8221;Defaults-check&#8221; icon_color=&#8221;#36c91c&#8221;]Cooperation with more than 500 financing partners [\/ultimate_icon_list_item][ultimate_icon_list_item icon=&#8221;Defaults-check&#8221; icon_color=&#8221;#36c91c&#8221;]Active for more than 20 years [\/ultimate_icon_list_item][ultimate_icon_list_item icon=&#8221;Defaults-check&#8221; icon_color=&#8221;#36c91c&#8221;]Trained bankers with many &#8230; <\/p>\n<div><a href=\"https:\/\/www.sammerseidler.de\/en\/mortgage-lending-from-just-0-4\/\" class=\"more-link\">Read More<\/a><\/div>\n","protected":false},"author":1,"featured_media":0,"parent":0,"menu_order":0,"comment_status":"closed","ping_status":"closed","template":"template-blank-4.php","meta":{"footnotes":""},"class_list":["post-2156","page","type-page","status-publish","hentry","no-post-thumbnail"],"yoast_head":"<!-- This site is optimized with the Yoast SEO plugin v27.4 - https:\/\/yoast.com\/product\/yoast-seo-wordpress\/ -->\n<title>Mortgage lending from just 0.4% - SAMMERSEIDLER.de<\/title>\n<meta name=\"robots\" content=\"noindex, follow, max-snippet:-1, max-image-preview:large, max-video-preview:-1\" \/>\n<meta property=\"og:locale\" content=\"en_US\" \/>\n<meta property=\"og:type\" content=\"article\" \/>\n<meta property=\"og:title\" content=\"Mortgage lending from just 0.4% - SAMMERSEIDLER.de\" \/>\n<meta property=\"og:description\" content=\"[vc_row padding_top=&#8221;0px&#8221; padding_bottom=&#8221;0px&#8221;][vc_column fade_animation_offset=&#8221;45px&#8221; width=&#8221;2\/3&#8243;][vc_row_inner padding_top=&#8221;0px&#8221; padding_bottom=&#8221;0px&#8221;][vc_column_inner fade_animation_offset=&#8221;45px&#8221; width=&#8221;1\/3&#8243;][\/vc_column_inner][vc_column_inner fade_animation_offset=&#8221;45px&#8221; width=&#8221;2\/3&#8243;][ultimate_icon_list icon_size=&#8221;20&#8243;][ultimate_icon_list_item icon=&#8221;Defaults-check&#8221; icon_color=&#8221;#36c91c&#8221;] Independent Financial Brokers and Mortgage Specialists[\/ultimate_icon_list_item][ultimate_icon_list_item icon=&#8221;Defaults-check&#8221; icon_color=&#8221;#36c91c&#8221;]We find the best conditions for you[\/ultimate_icon_list_item][ultimate_icon_list_item icon=&#8221;Defaults-check&#8221; icon_color=&#8221;#36c91c&#8221;]Cooperation with more than 500 financing partners [\/ultimate_icon_list_item][ultimate_icon_list_item icon=&#8221;Defaults-check&#8221; icon_color=&#8221;#36c91c&#8221;]Active for more than 20 years [\/ultimate_icon_list_item][ultimate_icon_list_item icon=&#8221;Defaults-check&#8221; icon_color=&#8221;#36c91c&#8221;]Trained bankers with many ... Read More\" \/>\n<meta property=\"og:url\" content=\"https:\/\/www.sammerseidler.de\/en\/mortgage-lending-from-just-0-4\/\" \/>\n<meta property=\"og:site_name\" content=\"SAMMERSEIDLER.de\" \/>\n<meta property=\"article:modified_time\" content=\"2019-10-05T08:04:40+00:00\" \/>\n<meta name=\"twitter:label1\" content=\"Est. reading time\" \/>\n\t<meta name=\"twitter:data1\" content=\"2 minutes\" \/>\n<script type=\"application\/ld+json\" class=\"yoast-schema-graph\">{\"@context\":\"https:\\\/\\\/schema.org\",\"@graph\":[{\"@type\":\"WebPage\",\"@id\":\"https:\\\/\\\/www.sammerseidler.de\\\/en\\\/mortgage-lending-from-just-0-4\\\/\",\"url\":\"https:\\\/\\\/www.sammerseidler.de\\\/en\\\/mortgage-lending-from-just-0-4\\\/\",\"name\":\"Mortgage lending from just 0.4% - SAMMERSEIDLER.de\",\"isPartOf\":{\"@id\":\"https:\\\/\\\/www.sammerseidler.de\\\/en\\\/#website\"},\"datePublished\":\"2019-10-05T08:04:38+00:00\",\"dateModified\":\"2019-10-05T08:04:40+00:00\",\"breadcrumb\":{\"@id\":\"https:\\\/\\\/www.sammerseidler.de\\\/en\\\/mortgage-lending-from-just-0-4\\\/#breadcrumb\"},\"inLanguage\":\"en-US\",\"potentialAction\":[{\"@type\":\"ReadAction\",\"target\":[\"https:\\\/\\\/www.sammerseidler.de\\\/en\\\/mortgage-lending-from-just-0-4\\\/\"]}]},{\"@type\":\"BreadcrumbList\",\"@id\":\"https:\\\/\\\/www.sammerseidler.de\\\/en\\\/mortgage-lending-from-just-0-4\\\/#breadcrumb\",\"itemListElement\":[{\"@type\":\"ListItem\",\"position\":1,\"name\":\"Home\",\"item\":\"https:\\\/\\\/www.sammerseidler.de\\\/en\\\/sammerseidler-de\\\/\"},{\"@type\":\"ListItem\",\"position\":2,\"name\":\"Mortgage lending from just 0.4%\"}]},{\"@type\":\"WebSite\",\"@id\":\"https:\\\/\\\/www.sammerseidler.de\\\/en\\\/#website\",\"url\":\"https:\\\/\\\/www.sammerseidler.de\\\/en\\\/\",\"name\":\"SAMMERSEIDLER.de\",\"description\":\"\",\"potentialAction\":[{\"@type\":\"SearchAction\",\"target\":{\"@type\":\"EntryPoint\",\"urlTemplate\":\"https:\\\/\\\/www.sammerseidler.de\\\/en\\\/?s={search_term_string}\"},\"query-input\":{\"@type\":\"PropertyValueSpecification\",\"valueRequired\":true,\"valueName\":\"search_term_string\"}}],\"inLanguage\":\"en-US\"}]}<\/script>\n<!-- \/ Yoast SEO plugin. -->","yoast_head_json":{"title":"Mortgage lending from just 0.4% - SAMMERSEIDLER.de","robots":{"index":"noindex","follow":"follow","max-snippet":"max-snippet:-1","max-image-preview":"max-image-preview:large","max-video-preview":"max-video-preview:-1"},"og_locale":"en_US","og_type":"article","og_title":"Mortgage lending from just 0.4% - SAMMERSEIDLER.de","og_description":"[vc_row padding_top=&#8221;0px&#8221; padding_bottom=&#8221;0px&#8221;][vc_column fade_animation_offset=&#8221;45px&#8221; width=&#8221;2\/3&#8243;][vc_row_inner padding_top=&#8221;0px&#8221; padding_bottom=&#8221;0px&#8221;][vc_column_inner fade_animation_offset=&#8221;45px&#8221; width=&#8221;1\/3&#8243;][\/vc_column_inner][vc_column_inner fade_animation_offset=&#8221;45px&#8221; width=&#8221;2\/3&#8243;][ultimate_icon_list icon_size=&#8221;20&#8243;][ultimate_icon_list_item icon=&#8221;Defaults-check&#8221; icon_color=&#8221;#36c91c&#8221;] Independent Financial Brokers and Mortgage Specialists[\/ultimate_icon_list_item][ultimate_icon_list_item icon=&#8221;Defaults-check&#8221; icon_color=&#8221;#36c91c&#8221;]We find the best conditions for you[\/ultimate_icon_list_item][ultimate_icon_list_item icon=&#8221;Defaults-check&#8221; icon_color=&#8221;#36c91c&#8221;]Cooperation with more than 500 financing partners [\/ultimate_icon_list_item][ultimate_icon_list_item icon=&#8221;Defaults-check&#8221; icon_color=&#8221;#36c91c&#8221;]Active for more than 20 years [\/ultimate_icon_list_item][ultimate_icon_list_item icon=&#8221;Defaults-check&#8221; icon_color=&#8221;#36c91c&#8221;]Trained bankers with many ... Read More","og_url":"https:\/\/www.sammerseidler.de\/en\/mortgage-lending-from-just-0-4\/","og_site_name":"SAMMERSEIDLER.de","article_modified_time":"2019-10-05T08:04:40+00:00","twitter_misc":{"Est. reading time":"2 minutes"},"schema":{"@context":"https:\/\/schema.org","@graph":[{"@type":"WebPage","@id":"https:\/\/www.sammerseidler.de\/en\/mortgage-lending-from-just-0-4\/","url":"https:\/\/www.sammerseidler.de\/en\/mortgage-lending-from-just-0-4\/","name":"Mortgage lending from just 0.4% - SAMMERSEIDLER.de","isPartOf":{"@id":"https:\/\/www.sammerseidler.de\/en\/#website"},"datePublished":"2019-10-05T08:04:38+00:00","dateModified":"2019-10-05T08:04:40+00:00","breadcrumb":{"@id":"https:\/\/www.sammerseidler.de\/en\/mortgage-lending-from-just-0-4\/#breadcrumb"},"inLanguage":"en-US","potentialAction":[{"@type":"ReadAction","target":["https:\/\/www.sammerseidler.de\/en\/mortgage-lending-from-just-0-4\/"]}]},{"@type":"BreadcrumbList","@id":"https:\/\/www.sammerseidler.de\/en\/mortgage-lending-from-just-0-4\/#breadcrumb","itemListElement":[{"@type":"ListItem","position":1,"name":"Home","item":"https:\/\/www.sammerseidler.de\/en\/sammerseidler-de\/"},{"@type":"ListItem","position":2,"name":"Mortgage lending from just 0.4%"}]},{"@type":"WebSite","@id":"https:\/\/www.sammerseidler.de\/en\/#website","url":"https:\/\/www.sammerseidler.de\/en\/","name":"SAMMERSEIDLER.de","description":"","potentialAction":[{"@type":"SearchAction","target":{"@type":"EntryPoint","urlTemplate":"https:\/\/www.sammerseidler.de\/en\/?s={search_term_string}"},"query-input":{"@type":"PropertyValueSpecification","valueRequired":true,"valueName":"search_term_string"}}],"inLanguage":"en-US"}]}},"_links":{"self":[{"href":"https:\/\/www.sammerseidler.de\/en\/wp-json\/wp\/v2\/pages\/2156","targetHints":{"allow":["GET"]}}],"collection":[{"href":"https:\/\/www.sammerseidler.de\/en\/wp-json\/wp\/v2\/pages"}],"about":[{"href":"https:\/\/www.sammerseidler.de\/en\/wp-json\/wp\/v2\/types\/page"}],"author":[{"embeddable":true,"href":"https:\/\/www.sammerseidler.de\/en\/wp-json\/wp\/v2\/users\/1"}],"replies":[{"embeddable":true,"href":"https:\/\/www.sammerseidler.de\/en\/wp-json\/wp\/v2\/comments?post=2156"}],"version-history":[{"count":1,"href":"https:\/\/www.sammerseidler.de\/en\/wp-json\/wp\/v2\/pages\/2156\/revisions"}],"predecessor-version":[{"id":2157,"href":"https:\/\/www.sammerseidler.de\/en\/wp-json\/wp\/v2\/pages\/2156\/revisions\/2157"}],"wp:attachment":[{"href":"https:\/\/www.sammerseidler.de\/en\/wp-json\/wp\/v2\/media?parent=2156"}],"curies":[{"name":"wp","href":"https:\/\/api.w.org\/{rel}","templated":true}]}}